{"id":63,"date":"2026-03-05T08:54:15","date_gmt":"2026-03-05T08:54:15","guid":{"rendered":"https:\/\/schawerman.de\/?post_type=product&#038;p=63"},"modified":"2026-03-17T09:54:46","modified_gmt":"2026-03-17T09:54:46","slug":"hunters-hot-dog","status":"publish","type":"product","link":"https:\/\/schawerman.de\/pl\/product\/hunters-hot-dog\/","title":{"rendered":"Hot Dog Huntera"},"content":{"rendered":"<p>Bu\u0142ka brioche, kotlet wo\u0142owy, ser cheddar, sa\u0142ata, papryczki jalape\u00f1o, ostry sos<\/p>","protected":false},"excerpt":{"rendered":"<p>Bu\u0142ka brioche, kotlet wo\u0142owy, ser cheddar, sa\u0142ata, papryczki jalape\u00f1o, ostry sos<\/p>","protected":false},"featured_media":64,"comment_status":"open","ping_status":"closed","template":"","meta":[],"product_brand":[],"product_cat":[18,16],"product_tag":[],"class_list":{"0":"post-63","1":"product","2":"type-product","3":"status-publish","4":"has-post-thumbnail","6":"product_cat-hot-dogs","7":"product_cat-schawarma","9":"first","10":"instock","11":"shipping-taxable","12":"purchasable","13":"product-type-variable","14":"has-default-attributes"},"acf":[],"_links":{"self":[{"href":"https:\/\/schawerman.de\/pl\/wp-json\/wp\/v2\/product\/63","targetHints":{"allow":["GET"]}}],"collection":[{"href":"https:\/\/schawerman.de\/pl\/wp-json\/wp\/v2\/product"}],"about":[{"href":"https:\/\/schawerman.de\/pl\/wp-json\/wp\/v2\/types\/product"}],"replies":[{"embeddable":true,"href":"https:\/\/schawerman.de\/pl\/wp-json\/wp\/v2\/comments?post=63"}],"wp:featuredmedia":[{"embeddable":true,"href":"https:\/\/schawerman.de\/pl\/wp-json\/wp\/v2\/media\/64"}],"wp:attachment":[{"href":"https:\/\/schawerman.de\/pl\/wp-json\/wp\/v2\/media?parent=63"}],"wp:term":[{"taxonomy":"product_brand","embeddable":true,"href":"https:\/\/schawerman.de\/pl\/wp-json\/wp\/v2\/product_brand?post=63"},{"taxonomy":"product_cat","embeddable":true,"href":"https:\/\/schawerman.de\/pl\/wp-json\/wp\/v2\/product_cat?post=63"},{"taxonomy":"product_tag","embeddable":true,"href":"https:\/\/schawerman.de\/pl\/wp-json\/wp\/v2\/product_tag?post=63"}],"curies":[{"name":"wp","href":"https:\/\/api.w.org\/{rel}","templated":true}]}}