{"id":54,"date":"2026-03-05T08:41:09","date_gmt":"2026-03-05T08:41:09","guid":{"rendered":"https:\/\/schawerman.de\/?post_type=product&#038;p=54"},"modified":"2026-03-17T13:32:29","modified_gmt":"2026-03-17T13:32:29","slug":"klassische-hahnchen-schawarma","status":"publish","type":"product","link":"https:\/\/schawerman.de\/pl\/product\/klassische-hahnchen-schawarma\/","title":{"rendered":"Klasyczny kurczak shawarma"},"content":{"rendered":"<p>Lawasz (p\u0142aski chleb) z kurczakiem, mozzarell\u0105, frytkami, \u015bwie\u017cym og\u00f3rkiem, pomidorami, korea\u0144sk\u0105 marchewk\u0105 i sosem czosnkowym<\/p>","protected":false},"excerpt":{"rendered":"<p>Lawasz (p\u0142aski chleb) z kurczakiem, mozzarell\u0105, frytkami, \u015bwie\u017cym og\u00f3rkiem, pomidorami, korea\u0144sk\u0105 marchewk\u0105 i sosem czosnkowym<\/p>","protected":false},"featured_media":55,"comment_status":"open","ping_status":"closed","template":"","meta":[],"product_brand":[],"product_cat":[16],"product_tag":[],"class_list":{"0":"post-54","1":"product","2":"type-product","3":"status-publish","4":"has-post-thumbnail","6":"product_cat-schawarma","8":"first","9":"instock","10":"shipping-taxable","11":"purchasable","12":"product-type-variable","13":"has-default-attributes"},"acf":[],"_links":{"self":[{"href":"https:\/\/schawerman.de\/pl\/wp-json\/wp\/v2\/product\/54","targetHints":{"allow":["GET"]}}],"collection":[{"href":"https:\/\/schawerman.de\/pl\/wp-json\/wp\/v2\/product"}],"about":[{"href":"https:\/\/schawerman.de\/pl\/wp-json\/wp\/v2\/types\/product"}],"replies":[{"embeddable":true,"href":"https:\/\/schawerman.de\/pl\/wp-json\/wp\/v2\/comments?post=54"}],"wp:featuredmedia":[{"embeddable":true,"href":"https:\/\/schawerman.de\/pl\/wp-json\/wp\/v2\/media\/55"}],"wp:attachment":[{"href":"https:\/\/schawerman.de\/pl\/wp-json\/wp\/v2\/media?parent=54"}],"wp:term":[{"taxonomy":"product_brand","embeddable":true,"href":"https:\/\/schawerman.de\/pl\/wp-json\/wp\/v2\/product_brand?post=54"},{"taxonomy":"product_cat","embeddable":true,"href":"https:\/\/schawerman.de\/pl\/wp-json\/wp\/v2\/product_cat?post=54"},{"taxonomy":"product_tag","embeddable":true,"href":"https:\/\/schawerman.de\/pl\/wp-json\/wp\/v2\/product_tag?post=54"}],"curies":[{"name":"wp","href":"https:\/\/api.w.org\/{rel}","templated":true}]}}