{"id":35,"date":"2026-03-04T22:10:49","date_gmt":"2026-03-04T22:10:49","guid":{"rendered":"https:\/\/schawerman.de\/?post_type=product&#038;p=35"},"modified":"2026-03-11T08:30:11","modified_gmt":"2026-03-11T08:30:11","slug":"mexikanische-schawarma","status":"publish","type":"product","link":"https:\/\/schawerman.de\/pl\/product\/mexikanische-schawarma\/","title":{"rendered":"Meksyka\u0144ska shawarma"},"content":{"rendered":"<p>Lawasz (p\u0142aski chleb) z kurczakiem, czerwon\u0105 fasol\u0105, kukurydz\u0105, mozzarell\u0105, czerwon\u0105 cebul\u0105 (surow\u0105) i ostrym sosem<\/p>","protected":false},"excerpt":{"rendered":"<p>Lawasz (p\u0142aski chleb) z kurczakiem, czerwon\u0105 fasol\u0105, kukurydz\u0105, mozzarell\u0105, czerwon\u0105 cebul\u0105 (surow\u0105) i ostrym sosem<\/p>","protected":false},"featured_media":36,"comment_status":"open","ping_status":"closed","template":"","meta":[],"product_brand":[],"product_cat":[16],"product_tag":[],"class_list":{"0":"post-35","1":"product","2":"type-product","3":"status-publish","4":"has-post-thumbnail","6":"product_cat-schawarma","8":"first","9":"instock","10":"shipping-taxable","11":"purchasable","12":"product-type-variable","13":"has-default-attributes"},"acf":[],"_links":{"self":[{"href":"https:\/\/schawerman.de\/pl\/wp-json\/wp\/v2\/product\/35","targetHints":{"allow":["GET"]}}],"collection":[{"href":"https:\/\/schawerman.de\/pl\/wp-json\/wp\/v2\/product"}],"about":[{"href":"https:\/\/schawerman.de\/pl\/wp-json\/wp\/v2\/types\/product"}],"replies":[{"embeddable":true,"href":"https:\/\/schawerman.de\/pl\/wp-json\/wp\/v2\/comments?post=35"}],"wp:featuredmedia":[{"embeddable":true,"href":"https:\/\/schawerman.de\/pl\/wp-json\/wp\/v2\/media\/36"}],"wp:attachment":[{"href":"https:\/\/schawerman.de\/pl\/wp-json\/wp\/v2\/media?parent=35"}],"wp:term":[{"taxonomy":"product_brand","embeddable":true,"href":"https:\/\/schawerman.de\/pl\/wp-json\/wp\/v2\/product_brand?post=35"},{"taxonomy":"product_cat","embeddable":true,"href":"https:\/\/schawerman.de\/pl\/wp-json\/wp\/v2\/product_cat?post=35"},{"taxonomy":"product_tag","embeddable":true,"href":"https:\/\/schawerman.de\/pl\/wp-json\/wp\/v2\/product_tag?post=35"}],"curies":[{"name":"wp","href":"https:\/\/api.w.org\/{rel}","templated":true}]}}